{"id":11,"date":"2012-02-05T11:55:01","date_gmt":"2012-02-05T11:55:01","guid":{"rendered":"http:\/\/trinefaktor.com\/?page_id=11"},"modified":"2012-05-01T14:04:38","modified_gmt":"2012-05-01T14:04:38","slug":"om-trinefaktor","status":"publish","type":"page","link":"https:\/\/trinefaktor.com\/?page_id=11","title":{"rendered":"Om Trinefaktor"},"content":{"rendered":"<p>Trinefaktor blei oppretta i februar 2012. Det er ein reiseblogg der eg deler mine opplevingar mens eg er ute p\u00e5 tur rundt omkring i verden dei neste m\u00e5nadane. <a href=\"http:\/\/trinefaktor.com\/?page_id=7\">Du kan lese meir om turen og reiseruta her.<\/a><\/p>\n<p>Navnet p\u00e5 bloggen blei til for nokre \u00e5r sidan. D\u00e5 eg kom p\u00e5 namnet Trinefaktor var det med tanke p\u00e5 ein nettstad eller blogg som skulle ha innhold med h\u00f8g trinefaktor. Med det meinte eg ting som appellerte til meg, som interesserte meg og engasjerte meg. S\u00e5 blei det med tanken fram til behovet for ein blogg i forbindelse med reisa mi meldte seg.<\/p>\n<p>Eg som st\u00e5r bak Trinefaktor er Trine Julie, 32 \u00e5r, vestlending, engasjert og begeistra for b\u00e5de dei sm\u00e5 og store tinga, og ei ganske snill jente.<br \/>\nEg levde eit vanleg liv med jobb, venner, leilighet og hunden min, til eg bestemte meg for \u00e5 gjere noko heilt anna for ein periode.<\/p>\n<p>S\u00e5 no har eg sett det vanlege livet mitt p\u00e5 vent, pakka sekken min og reist ut i den store verden p\u00e5 eventur F\u00f8lg med og sj\u00e5 kva som skjer!<\/p>\n<p>Har du ein kommentar eller noko du vil fortelle meg kan du gjerne gjere det i kommentarfeltet, eller sende meg ein mail til trinefaktor@gmail.com<\/p>\n","protected":false},"excerpt":{"rendered":"<p>Trinefaktor blei oppretta i februar 2012. Det er ein reiseblogg der eg deler mine opplevingar mens eg er ute p\u00e5 tur rundt omkring i verden dei neste m\u00e5nadane. Du kan lese meir om turen og reiseruta her. Navnet p\u00e5 bloggen &hellip; <a href=\"https:\/\/trinefaktor.com\/?page_id=11\">Les videre <span class=\"meta-nav\">&rarr;<\/span><\/a><\/p>\n","protected":false},"author":1,"featured_media":0,"parent":0,"menu_order":1,"comment_status":"open","ping_status":"open","template":"","meta":{"footnotes":""},"class_list":["post-11","page","type-page","status-publish","hentry"],"_links":{"self":[{"href":"https:\/\/trinefaktor.com\/index.php?rest_route=\/wp\/v2\/pages\/11","targetHints":{"allow":["GET"]}}],"collection":[{"href":"https:\/\/trinefaktor.com\/index.php?rest_route=\/wp\/v2\/pages"}],"about":[{"href":"https:\/\/trinefaktor.com\/index.php?rest_route=\/wp\/v2\/types\/page"}],"author":[{"embeddable":true,"href":"https:\/\/trinefaktor.com\/index.php?rest_route=\/wp\/v2\/users\/1"}],"replies":[{"embeddable":true,"href":"https:\/\/trinefaktor.com\/index.php?rest_route=%2Fwp%2Fv2%2Fcomments&post=11"}],"version-history":[{"count":8,"href":"https:\/\/trinefaktor.com\/index.php?rest_route=\/wp\/v2\/pages\/11\/revisions"}],"predecessor-version":[{"id":20,"href":"https:\/\/trinefaktor.com\/index.php?rest_route=\/wp\/v2\/pages\/11\/revisions\/20"}],"wp:attachment":[{"href":"https:\/\/trinefaktor.com\/index.php?rest_route=%2Fwp%2Fv2%2Fmedia&parent=11"}],"curies":[{"name":"wp","href":"https:\/\/api.w.org\/{rel}","templated":true}]}}